{"id":978,"date":"2013-09-26T10:56:35","date_gmt":"2013-09-26T10:56:35","guid":{"rendered":"http:\/\/mz.nsk.hr\/zbirka78\/albumi-i-katalozi\/albumi\/"},"modified":"2013-11-05T11:08:16","modified_gmt":"2013-11-05T11:08:16","slug":"albums","status":"publish","type":"page","link":"https:\/\/mz.nsk.hr\/zbirka78\/en\/albumi-i-katalozi\/albums\/","title":{"rendered":"Albums"},"content":{"rendered":"<p><a href=\"http:\/\/mz.nsk.hr\/zbirka78\/wp-content\/pf\/katalog-ivo-tijardovic\/\"><img loading=\"lazy\" class=\"aligncenter size-medium wp-image-803\" alt=\"01\" src=\"http:\/\/mz.nsk.hr\/zbirka78\/wp-content\/uploads\/2013\/09\/01-300x259.jpg\" width=\"300\" height=\"259\" srcset=\"https:\/\/mz.nsk.hr\/zbirka78\/wp-content\/uploads\/2013\/09\/01-300x259.jpg 300w, https:\/\/mz.nsk.hr\/zbirka78\/wp-content\/uploads\/2013\/09\/01.jpg 600w\" sizes=\"(max-width: 300px) 100vw, 300px\" \/><\/a><\/p>\n<div class=\"o-albumu\">\nAuthor: Tijardovi\u0107, Ivo<br \/>\nTitle: Mala Floramye : opereta u 3 \u010dina<br \/>\nAuthor(Artist): Lubejeva, Marica<br \/>\nAuthor(Artist): Dubaji\u0107, Margita<br \/>\nAuthor(Artist): Dubaji\u0107, Dejan<br \/>\nAuthor(Artist): Milan \u0160epec<br \/>\nPublisher: Edison Bell Penkala<br \/>\nPublication date: 1931.<br \/>\nFormat: 8 gramof. plo\u010da : 78 o\/min, mono ; jpeg<br \/>\nSource: NSK Zbirka muzikalija i audiomaterijala<br \/>\nAccess: Public; All rights reserved.<\/div>\n","protected":false},"excerpt":{"rendered":"<p>Author: Tijardovi\u0107, Ivo Title: Mala Floramye : opereta u 3 \u010dina Author(Artist): Lubejeva, Marica Author(Artist): Dubaji\u0107, Margita Author(Artist): Dubaji\u0107, Dejan Author(Artist): Milan \u0160epec Publisher: Edison Bell Penkala Publication date: 1931. Format: 8 gramof. plo\u010da : 78 o\/min, mono ; jpeg Source: NSK Zbirka muzikalija i audiomaterijala Access: Public; All rights reserved.<\/p>\n","protected":false},"author":4,"featured_media":0,"parent":243,"menu_order":0,"comment_status":"open","ping_status":"open","template":"","meta":{"ngg_post_thumbnail":0},"yoast_head":"<!-- This site is optimized with the Yoast SEO plugin v17.8 - https:\/\/yoast.com\/wordpress\/plugins\/seo\/ -->\n<meta name=\"robots\" content=\"index, follow, max-snippet:-1, max-image-preview:large, max-video-preview:-1\" \/>\n<link rel=\"canonical\" href=\"https:\/\/mz.nsk.hr\/zbirka78\/en\/albumi-i-katalozi\/albums\/\" \/>\n<meta property=\"og:locale\" content=\"en_US\" \/>\n<meta property=\"og:type\" content=\"article\" \/>\n<meta property=\"og:title\" content=\"Albums - Zvuci pro\u0161losti\" \/>\n<meta property=\"og:description\" content=\"Author: Tijardovi\u0107, Ivo Title: Mala Floramye : opereta u 3 \u010dina Author(Artist): Lubejeva, Marica Author(Artist): Dubaji\u0107, Margita Author(Artist): Dubaji\u0107, Dejan Author(Artist): Milan \u0160epec Publisher: Edison Bell Penkala Publication date: 1931. Format: 8 gramof. plo\u010da : 78 o\/min, mono ; jpeg Source: NSK Zbirka muzikalija i audiomaterijala Access: Public; All rights reserved.\" \/>\n<meta property=\"og:url\" content=\"https:\/\/mz.nsk.hr\/zbirka78\/en\/albumi-i-katalozi\/albums\/\" \/>\n<meta property=\"og:site_name\" content=\"Zvuci pro\u0161losti\" \/>\n<meta property=\"article:modified_time\" content=\"2013-11-05T11:08:16+00:00\" \/>\n<meta property=\"og:image\" content=\"http:\/\/mz.nsk.hr\/zbirka78\/wp-content\/uploads\/2013\/09\/01-300x259.jpg\" \/>\n<script type=\"application\/ld+json\" class=\"yoast-schema-graph\">{\"@context\":\"https:\/\/schema.org\",\"@graph\":[{\"@type\":\"WebSite\",\"@id\":\"https:\/\/mz.nsk.hr\/zbirka78\/#website\",\"url\":\"https:\/\/mz.nsk.hr\/zbirka78\/\",\"name\":\"Zvuci pro\\u0161losti\",\"description\":\"\",\"potentialAction\":[{\"@type\":\"SearchAction\",\"target\":{\"@type\":\"EntryPoint\",\"urlTemplate\":\"https:\/\/mz.nsk.hr\/zbirka78\/?s={search_term_string}\"},\"query-input\":\"required name=search_term_string\"}],\"inLanguage\":\"en-US\"},{\"@type\":\"ImageObject\",\"@id\":\"https:\/\/mz.nsk.hr\/zbirka78\/en\/albumi-i-katalozi\/albums\/#primaryimage\",\"inLanguage\":\"en-US\",\"url\":\"http:\/\/mz.nsk.hr\/zbirka78\/wp-content\/uploads\/2013\/09\/01-300x259.jpg\",\"contentUrl\":\"http:\/\/mz.nsk.hr\/zbirka78\/wp-content\/uploads\/2013\/09\/01-300x259.jpg\"},{\"@type\":\"WebPage\",\"@id\":\"https:\/\/mz.nsk.hr\/zbirka78\/en\/albumi-i-katalozi\/albums\/#webpage\",\"url\":\"https:\/\/mz.nsk.hr\/zbirka78\/en\/albumi-i-katalozi\/albums\/\",\"name\":\"Albums - Zvuci pro\\u0161losti\",\"isPartOf\":{\"@id\":\"https:\/\/mz.nsk.hr\/zbirka78\/#website\"},\"primaryImageOfPage\":{\"@id\":\"https:\/\/mz.nsk.hr\/zbirka78\/en\/albumi-i-katalozi\/albums\/#primaryimage\"},\"datePublished\":\"2013-09-26T10:56:35+00:00\",\"dateModified\":\"2013-11-05T11:08:16+00:00\",\"breadcrumb\":{\"@id\":\"https:\/\/mz.nsk.hr\/zbirka78\/en\/albumi-i-katalozi\/albums\/#breadcrumb\"},\"inLanguage\":\"en-US\",\"potentialAction\":[{\"@type\":\"ReadAction\",\"target\":[\"https:\/\/mz.nsk.hr\/zbirka78\/en\/albumi-i-katalozi\/albums\/\"]}]},{\"@type\":\"BreadcrumbList\",\"@id\":\"https:\/\/mz.nsk.hr\/zbirka78\/en\/albumi-i-katalozi\/albums\/#breadcrumb\",\"itemListElement\":[{\"@type\":\"ListItem\",\"position\":1,\"name\":\"Home\",\"item\":\"https:\/\/mz.nsk.hr\/zbirka78\/\"},{\"@type\":\"ListItem\",\"position\":2,\"name\":\"Gallery\",\"item\":\"https:\/\/mz.nsk.hr\/zbirka78\/en\/albumi-i-katalozi\/\"},{\"@type\":\"ListItem\",\"position\":3,\"name\":\"Albums\"}]}]}<\/script>\n<!-- \/ Yoast SEO plugin. -->","yoast_head_json":{"robots":{"index":"index","follow":"follow","max-snippet":"max-snippet:-1","max-image-preview":"max-image-preview:large","max-video-preview":"max-video-preview:-1"},"canonical":"https:\/\/mz.nsk.hr\/zbirka78\/en\/albumi-i-katalozi\/albums\/","og_locale":"en_US","og_type":"article","og_title":"Albums - Zvuci pro\u0161losti","og_description":"Author: Tijardovi\u0107, Ivo Title: Mala Floramye : opereta u 3 \u010dina Author(Artist): Lubejeva, Marica Author(Artist): Dubaji\u0107, Margita Author(Artist): Dubaji\u0107, Dejan Author(Artist): Milan \u0160epec Publisher: Edison Bell Penkala Publication date: 1931. Format: 8 gramof. plo\u010da : 78 o\/min, mono ; jpeg Source: NSK Zbirka muzikalija i audiomaterijala Access: Public; All rights reserved.","og_url":"https:\/\/mz.nsk.hr\/zbirka78\/en\/albumi-i-katalozi\/albums\/","og_site_name":"Zvuci pro\u0161losti","article_modified_time":"2013-11-05T11:08:16+00:00","og_image":[{"url":"http:\/\/mz.nsk.hr\/zbirka78\/wp-content\/uploads\/2013\/09\/01-300x259.jpg"}],"schema":{"@context":"https:\/\/schema.org","@graph":[{"@type":"WebSite","@id":"https:\/\/mz.nsk.hr\/zbirka78\/#website","url":"https:\/\/mz.nsk.hr\/zbirka78\/","name":"Zvuci pro\u0161losti","description":"","potentialAction":[{"@type":"SearchAction","target":{"@type":"EntryPoint","urlTemplate":"https:\/\/mz.nsk.hr\/zbirka78\/?s={search_term_string}"},"query-input":"required name=search_term_string"}],"inLanguage":"en-US"},{"@type":"ImageObject","@id":"https:\/\/mz.nsk.hr\/zbirka78\/en\/albumi-i-katalozi\/albums\/#primaryimage","inLanguage":"en-US","url":"http:\/\/mz.nsk.hr\/zbirka78\/wp-content\/uploads\/2013\/09\/01-300x259.jpg","contentUrl":"http:\/\/mz.nsk.hr\/zbirka78\/wp-content\/uploads\/2013\/09\/01-300x259.jpg"},{"@type":"WebPage","@id":"https:\/\/mz.nsk.hr\/zbirka78\/en\/albumi-i-katalozi\/albums\/#webpage","url":"https:\/\/mz.nsk.hr\/zbirka78\/en\/albumi-i-katalozi\/albums\/","name":"Albums - Zvuci pro\u0161losti","isPartOf":{"@id":"https:\/\/mz.nsk.hr\/zbirka78\/#website"},"primaryImageOfPage":{"@id":"https:\/\/mz.nsk.hr\/zbirka78\/en\/albumi-i-katalozi\/albums\/#primaryimage"},"datePublished":"2013-09-26T10:56:35+00:00","dateModified":"2013-11-05T11:08:16+00:00","breadcrumb":{"@id":"https:\/\/mz.nsk.hr\/zbirka78\/en\/albumi-i-katalozi\/albums\/#breadcrumb"},"inLanguage":"en-US","potentialAction":[{"@type":"ReadAction","target":["https:\/\/mz.nsk.hr\/zbirka78\/en\/albumi-i-katalozi\/albums\/"]}]},{"@type":"BreadcrumbList","@id":"https:\/\/mz.nsk.hr\/zbirka78\/en\/albumi-i-katalozi\/albums\/#breadcrumb","itemListElement":[{"@type":"ListItem","position":1,"name":"Home","item":"https:\/\/mz.nsk.hr\/zbirka78\/"},{"@type":"ListItem","position":2,"name":"Gallery","item":"https:\/\/mz.nsk.hr\/zbirka78\/en\/albumi-i-katalozi\/"},{"@type":"ListItem","position":3,"name":"Albums"}]}]}},"_links":{"self":[{"href":"https:\/\/mz.nsk.hr\/zbirka78\/en\/wp-json\/wp\/v2\/pages\/978"}],"collection":[{"href":"https:\/\/mz.nsk.hr\/zbirka78\/en\/wp-json\/wp\/v2\/pages"}],"about":[{"href":"https:\/\/mz.nsk.hr\/zbirka78\/en\/wp-json\/wp\/v2\/types\/page"}],"author":[{"embeddable":true,"href":"https:\/\/mz.nsk.hr\/zbirka78\/en\/wp-json\/wp\/v2\/users\/4"}],"replies":[{"embeddable":true,"href":"https:\/\/mz.nsk.hr\/zbirka78\/en\/wp-json\/wp\/v2\/comments?post=978"}],"version-history":[{"count":4,"href":"https:\/\/mz.nsk.hr\/zbirka78\/en\/wp-json\/wp\/v2\/pages\/978\/revisions"}],"predecessor-version":[{"id":1190,"href":"https:\/\/mz.nsk.hr\/zbirka78\/en\/wp-json\/wp\/v2\/pages\/978\/revisions\/1190"}],"up":[{"embeddable":true,"href":"https:\/\/mz.nsk.hr\/zbirka78\/en\/wp-json\/wp\/v2\/pages\/243"}],"wp:attachment":[{"href":"https:\/\/mz.nsk.hr\/zbirka78\/en\/wp-json\/wp\/v2\/media?parent=978"}],"curies":[{"name":"wp","href":"https:\/\/api.w.org\/{rel}","templated":true}]}}