{"id":16,"date":"2011-02-09T14:33:15","date_gmt":"2011-02-09T14:33:15","guid":{"rendered":"http:\/\/mz.nsk.hr\/zbirka78\/?page_id=16"},"modified":"2013-11-06T09:42:36","modified_gmt":"2013-11-06T09:42:36","slug":"o-projektu","status":"publish","type":"page","link":"https:\/\/mz.nsk.hr\/zbirka78\/o-projektu\/","title":{"rendered":"O projektu"},"content":{"rendered":"<p>Projekt <span style=\"text-decoration: underline;\">Hrvatska glazbena ba\u0161tina u zvuku &#8211; digitalizacija najstarijih gramofonskih plo\u010da na 78 okretaja <\/span>pokrenut je 2009. godine uz potporu Ministarstva kulture Republike Hrvatske s glavnim ciljevima za\u0161tite i omogu\u0107avanja pristupa dijelu bitne hrvatske glazbene ba\u0161tine. Zbirka gramofonskih plo\u010da na 78 okretaja u minuti koja se \u010duva u Nacionalnoj i sveu\u010dili\u0161noj knji\u017enici u Zagrebu nije bila dostupna \u0161iroj javnosti, a njezin je sadr\u017eaj zbog neposjedovanja opreme za reprodukciju bio nedostupan korisnicima. Posjedovanje gra\u0111e koja se ne mo\u017ee koristiti nije u skladu s temeljnim ciljevima Knji\u017enice, posebno kada je rije\u010d o gra\u0111i osobitoga povijesnog i kulturnog zna\u010denja koja obilje\u017eava po\u010detke nakladni\u0161tva zvuka u Hrvatskoj. Kao jedino rje\u0161enje nametnuo se projekt digitalizacije radi za\u0161tite i pristupa gra\u0111i, vrijednomu dijelu hrvatske fonografije. Rezultati projekta dostupni su preko internetske stranice te obuhva\u0107aju mogu\u0107nost slu\u0161anja digitaliziranih glazbenih i govornih zvu\u010dnih zapisa izvorno objavljenih na \u0161elak gramofonskim plo\u010dama na 78 okretaja, uvid u fizi\u010dki izgled izvornika (naljepnice i ovitci plo\u010da) te kvalitetne metapodatke, bio-bibliografske i kontekstualne podatke.<\/p>\n<p>Projektom je omogu\u0107en uvid u glazbeno nakladni\u0161tvo zvuka te izvodila\u010dki repertoar s po\u010detka 20. stolje\u0107a.<\/p>\n<p>&nbsp;<\/p>\n<p><b>Zamisao i izrada mre\u017ene stranice<\/b><\/p>\n<p>dr. sc. Tatjana Mihali\u0107, voditeljica projekta, dr. sc. Sofija Klarin, Matilda Hraste, Goran Hasanec, Marija Ke\u010da, Darko \u010ci\u017emek, Sonja Hrelja, Vlasta Petru\u0161a, Sanja Ve\u0161ligaj, Dagmar Lasi\u0107, Zrinka Mikuli\u0107, Filip Lon\u010dar, Sini\u0161a Samboli\u0107.<\/p>\n<p>&nbsp;<\/p>\n<p>Vanjski suradnici<\/p>\n<p>Veljko Lipov\u0161\u0107ak, dipl. ing. elektrotehnike<\/p>\n<p>Tvrtka Samofix. d.o.o.<\/p>\n<p>Fritula d.o.o.<\/p>\n<p>&nbsp;<\/p>\n","protected":false},"excerpt":{"rendered":"<p>Projekt Hrvatska glazbena ba\u0161tina u zvuku &#8211; digitalizacija najstarijih gramofonskih plo\u010da na 78 okretaja pokrenut je 2009. godine uz potporu Ministarstva kulture Republike Hrvatske s glavnim ciljevima za\u0161tite i omogu\u0107avanja pristupa dijelu bitne hrvatske glazbene ba\u0161tine. Zbirka gramofonskih plo\u010da na 78 okretaja u minuti koja se \u010duva u Nacionalnoj i sveu\u010dili\u0161noj knji\u017enici u Zagrebu nije [&hellip;]<\/p>\n","protected":false},"author":4,"featured_media":0,"parent":0,"menu_order":0,"comment_status":"open","ping_status":"open","template":"tekstualna.php","meta":{"ngg_post_thumbnail":0},"yoast_head":"<!-- This site is optimized with the Yoast SEO plugin v17.8 - https:\/\/yoast.com\/wordpress\/plugins\/seo\/ -->\n<meta name=\"robots\" content=\"index, follow, max-snippet:-1, max-image-preview:large, max-video-preview:-1\" \/>\n<link rel=\"canonical\" href=\"https:\/\/mz.nsk.hr\/zbirka78\/o-projektu\/\" \/>\n<meta property=\"og:locale\" content=\"hr_HR\" \/>\n<meta property=\"og:type\" content=\"article\" \/>\n<meta property=\"og:title\" content=\"O projektu - Zvuci pro\u0161losti\" \/>\n<meta property=\"og:description\" content=\"Projekt Hrvatska glazbena ba\u0161tina u zvuku &#8211; digitalizacija najstarijih gramofonskih plo\u010da na 78 okretaja pokrenut je 2009. godine uz potporu Ministarstva kulture Republike Hrvatske s glavnim ciljevima za\u0161tite i omogu\u0107avanja pristupa dijelu bitne hrvatske glazbene ba\u0161tine. Zbirka gramofonskih plo\u010da na 78 okretaja u minuti koja se \u010duva u Nacionalnoj i sveu\u010dili\u0161noj knji\u017enici u Zagrebu nije [&hellip;]\" \/>\n<meta property=\"og:url\" content=\"https:\/\/mz.nsk.hr\/zbirka78\/o-projektu\/\" \/>\n<meta property=\"og:site_name\" content=\"Zvuci pro\u0161losti\" \/>\n<meta property=\"article:modified_time\" content=\"2013-11-06T09:42:36+00:00\" \/>\n<meta name=\"twitter:label1\" content=\"Procijenjeno vrijeme \u010ditanja\" \/>\n\t<meta name=\"twitter:data1\" content=\"1 minuta\" \/>\n<script type=\"application\/ld+json\" class=\"yoast-schema-graph\">{\"@context\":\"https:\/\/schema.org\",\"@graph\":[{\"@type\":\"WebSite\",\"@id\":\"https:\/\/mz.nsk.hr\/zbirka78\/#website\",\"url\":\"https:\/\/mz.nsk.hr\/zbirka78\/\",\"name\":\"Zvuci pro\\u0161losti\",\"description\":\"\",\"potentialAction\":[{\"@type\":\"SearchAction\",\"target\":{\"@type\":\"EntryPoint\",\"urlTemplate\":\"https:\/\/mz.nsk.hr\/zbirka78\/?s={search_term_string}\"},\"query-input\":\"required name=search_term_string\"}],\"inLanguage\":\"hr\"},{\"@type\":\"WebPage\",\"@id\":\"https:\/\/mz.nsk.hr\/zbirka78\/o-projektu\/#webpage\",\"url\":\"https:\/\/mz.nsk.hr\/zbirka78\/o-projektu\/\",\"name\":\"O projektu - Zvuci pro\\u0161losti\",\"isPartOf\":{\"@id\":\"https:\/\/mz.nsk.hr\/zbirka78\/#website\"},\"datePublished\":\"2011-02-09T14:33:15+00:00\",\"dateModified\":\"2013-11-06T09:42:36+00:00\",\"breadcrumb\":{\"@id\":\"https:\/\/mz.nsk.hr\/zbirka78\/o-projektu\/#breadcrumb\"},\"inLanguage\":\"hr\",\"potentialAction\":[{\"@type\":\"ReadAction\",\"target\":[\"https:\/\/mz.nsk.hr\/zbirka78\/o-projektu\/\"]}]},{\"@type\":\"BreadcrumbList\",\"@id\":\"https:\/\/mz.nsk.hr\/zbirka78\/o-projektu\/#breadcrumb\",\"itemListElement\":[{\"@type\":\"ListItem\",\"position\":1,\"name\":\"Home\",\"item\":\"https:\/\/mz.nsk.hr\/zbirka78\/\"},{\"@type\":\"ListItem\",\"position\":2,\"name\":\"O projektu\"}]}]}<\/script>\n<!-- \/ Yoast SEO plugin. -->","yoast_head_json":{"robots":{"index":"index","follow":"follow","max-snippet":"max-snippet:-1","max-image-preview":"max-image-preview:large","max-video-preview":"max-video-preview:-1"},"canonical":"https:\/\/mz.nsk.hr\/zbirka78\/o-projektu\/","og_locale":"hr_HR","og_type":"article","og_title":"O projektu - Zvuci pro\u0161losti","og_description":"Projekt Hrvatska glazbena ba\u0161tina u zvuku &#8211; digitalizacija najstarijih gramofonskih plo\u010da na 78 okretaja pokrenut je 2009. godine uz potporu Ministarstva kulture Republike Hrvatske s glavnim ciljevima za\u0161tite i omogu\u0107avanja pristupa dijelu bitne hrvatske glazbene ba\u0161tine. Zbirka gramofonskih plo\u010da na 78 okretaja u minuti koja se \u010duva u Nacionalnoj i sveu\u010dili\u0161noj knji\u017enici u Zagrebu nije [&hellip;]","og_url":"https:\/\/mz.nsk.hr\/zbirka78\/o-projektu\/","og_site_name":"Zvuci pro\u0161losti","article_modified_time":"2013-11-06T09:42:36+00:00","twitter_misc":{"Procijenjeno vrijeme \u010ditanja":"1 minuta"},"schema":{"@context":"https:\/\/schema.org","@graph":[{"@type":"WebSite","@id":"https:\/\/mz.nsk.hr\/zbirka78\/#website","url":"https:\/\/mz.nsk.hr\/zbirka78\/","name":"Zvuci pro\u0161losti","description":"","potentialAction":[{"@type":"SearchAction","target":{"@type":"EntryPoint","urlTemplate":"https:\/\/mz.nsk.hr\/zbirka78\/?s={search_term_string}"},"query-input":"required name=search_term_string"}],"inLanguage":"hr"},{"@type":"WebPage","@id":"https:\/\/mz.nsk.hr\/zbirka78\/o-projektu\/#webpage","url":"https:\/\/mz.nsk.hr\/zbirka78\/o-projektu\/","name":"O projektu - Zvuci pro\u0161losti","isPartOf":{"@id":"https:\/\/mz.nsk.hr\/zbirka78\/#website"},"datePublished":"2011-02-09T14:33:15+00:00","dateModified":"2013-11-06T09:42:36+00:00","breadcrumb":{"@id":"https:\/\/mz.nsk.hr\/zbirka78\/o-projektu\/#breadcrumb"},"inLanguage":"hr","potentialAction":[{"@type":"ReadAction","target":["https:\/\/mz.nsk.hr\/zbirka78\/o-projektu\/"]}]},{"@type":"BreadcrumbList","@id":"https:\/\/mz.nsk.hr\/zbirka78\/o-projektu\/#breadcrumb","itemListElement":[{"@type":"ListItem","position":1,"name":"Home","item":"https:\/\/mz.nsk.hr\/zbirka78\/"},{"@type":"ListItem","position":2,"name":"O projektu"}]}]}},"_links":{"self":[{"href":"https:\/\/mz.nsk.hr\/zbirka78\/wp-json\/wp\/v2\/pages\/16"}],"collection":[{"href":"https:\/\/mz.nsk.hr\/zbirka78\/wp-json\/wp\/v2\/pages"}],"about":[{"href":"https:\/\/mz.nsk.hr\/zbirka78\/wp-json\/wp\/v2\/types\/page"}],"author":[{"embeddable":true,"href":"https:\/\/mz.nsk.hr\/zbirka78\/wp-json\/wp\/v2\/users\/4"}],"replies":[{"embeddable":true,"href":"https:\/\/mz.nsk.hr\/zbirka78\/wp-json\/wp\/v2\/comments?post=16"}],"version-history":[{"count":17,"href":"https:\/\/mz.nsk.hr\/zbirka78\/wp-json\/wp\/v2\/pages\/16\/revisions"}],"predecessor-version":[{"id":1210,"href":"https:\/\/mz.nsk.hr\/zbirka78\/wp-json\/wp\/v2\/pages\/16\/revisions\/1210"}],"wp:attachment":[{"href":"https:\/\/mz.nsk.hr\/zbirka78\/wp-json\/wp\/v2\/media?parent=16"}],"curies":[{"name":"wp","href":"https:\/\/api.w.org\/{rel}","templated":true}]}}