{"id":1896,"date":"2020-09-18T09:03:39","date_gmt":"2020-09-18T09:03:39","guid":{"rendered":"http:\/\/mz.nsk.hr\/zbirka78\/?page_id=1896"},"modified":"2020-09-18T09:04:09","modified_gmt":"2020-09-18T09:04:09","slug":"izjava-o-pristupacnosti","status":"publish","type":"page","link":"https:\/\/mz.nsk.hr\/zbirka78\/izjava-o-pristupacnosti\/","title":{"rendered":"Izjava o pristupa\u010dnosti"},"content":{"rendered":"<p><strong>Op\u0107enito<\/strong><\/p>\n<p>Nacionalna i sveu\u010dili\u0161na knji\u017enica u Zagrebu nastoji svoje mre\u017ene stranice i programska rje\u0161enja u\u010diniti pristupa\u010dnima u skladu sa&nbsp;<u><a href=\"https:\/\/www.zakon.hr\/z\/1929\/Zakon-o-pristupa%C4%8Dnosti-mre%C5%BEnih-stranica-i-programskih-rje%C5%A1enja-za-pokretne-ure%C4%91aje-tijela-javnog-sektora\">Zakonom o pristupa\u010dnosti mre\u017enih stranica i programskih rje\u0161enja za pokretne ure\u0111aje tijela javnog sektora Republike Hrvatske<\/a><\/u>&nbsp;(\u201eNarodne novine\u201c, broj 17\/19; dalje u tekstu: Zakon) kojim se prenosi&nbsp;<u><a href=\"https:\/\/eur-lex.europa.eu\/legal-content\/HR\/AUTO\/?uri=OJ:L:2016:327:TOC\">Direktiva (EU)&nbsp;2016\/2102 Europskog parlamenta i Vije\u0107a od 26.&nbsp;listopada 2016. o pristupa\u010dnosti internetskih stranica i mobilnih aplikacija tijela javnog sektora<\/a><\/u>&nbsp;(SL&nbsp;L&nbsp;327, 2.12.2016.).<\/p>\n<p>Ova Izjava o pristupa\u010dnosti primjenjuje se na mre\u017eno sjedi\u0161te Nacionalne i sveu\u010dili\u0161ne knji\u017enice u Zagrebu koje se nalazi na adresi mz.nsk.hr\/zbirka78.<\/p>\n<p><strong>Status uskla\u0111enosti<\/strong><\/p>\n<p>Mre\u017eno sjedi\u0161te mz.nsk.hr\/zbirka78 djelomi\u010dno je uskla\u0111eno sa Zakonom zbog neuskla\u0111enosti koje su navedene u nastavku.<\/p>\n<p><strong>Nepristupa\u010dan sadr\u017eaj<\/strong><\/p>\n<p>Sadr\u017eaj naveden u nastavku je nepristupa\u010dan iz razloga:<\/p>\n<p>a) neuskla\u0111enosti sa Zakonom<\/p>\n<ul>\n<li>Kontrast na pojedinim dijelovima stranice nije zadovoljavaju\u0107 i nije omogu\u0107ena njegova jednostavna izmjena s korisni\u010dke strane.<\/li>\n<li>Veli\u010dina fonta na mre\u017enom mjestu nije zadovoljavaju\u0107e veli\u010dine i nije omogu\u0107ena njegova jednostavna izmjena s korisni\u010dke strane.<\/li>\n<li>Nazivi pojedinih poveznica trebali bi konkretnije specificirati sadr\u017eaj koji se iza njih nalazi.<\/li>\n<li>Mre\u017eno mjesto nema mogu\u0107nost alternativnog prikaza tekstualnog i slikovnog sadr\u017eaja koji nije prilago\u0111en za slijepe i slabovidne osobe.<\/li>\n<li>Pojedine slike na stranici ne sadr\u017ee &lt;alt&gt; atribut.<\/li>\n<li>Pojedine slike na stranici ne sadr\u017ee kratak tekstualni opis sadr\u017eaja i funkcije slike.<\/li>\n<\/ul>\n<p>b) nerazmjerno optere\u0107enje<\/p>\n<p>Za neuskla\u0111enosti navedene pod to\u010dkom a), Nacionalna i sveu\u010dili\u0161na knji\u017enica u Zagrebu se poziva na iznimku zbog nerazmjernog optere\u0107enja sukladno \u010dlanku 8. Zakona.<\/p>\n<p>c) sadr\u017eaj nije obuhva\u0107en podru\u010djem primjene primjenjivog zakonodavstva<\/p>\n<p>Sukladno \u010dlanku 3. Zakona, isti se ne primjenjuje na uredske datoteke objavljene prije 23. rujna 2018. \u010diji sadr\u017eaj nije potreban za postupke u tijeku koje tijelo javnog sektora obavlja u okviru svog djelokruga.<\/p>\n<p>Sukladno \u010dlanku 3. Zakona, isti se ne primjenjuje na prethodno snimljene medijske sadr\u017eaje u obliku audiozapisa, videozapisa, audio i videozapisa, audio i\/ili videozapisa kombiniranih s interakcijom, objavljene prije 23. rujna 2020.<\/p>\n<p>Sukladno \u010dlanku 3. Zakona, isti se ne primjenjuje na sadr\u017eaje tre\u0107ih strana koje tijelo javnog sektora ne financira niti razvija.<\/p>\n<p>Sukladno \u010dlanku 3. Zakona, isti se ne primijenjuje na reprodukcije predmeta iz zbirki ba\u0161tine u privatnom ili javnom vlasni\u0161tvu, od povijesnog, umjetni\u010dkog, arheolo\u0161kog, estetskog, znanstvenog ili tehni\u010dkog zna\u010daja, a dio su zbirki koje se \u010duvaju u ustanovama kulture, ako ne mogu biti u potpunosti pristupa\u010dni zbog neuskla\u0111enosti zahtjeva pristupa\u010dnosti s o\u010duvanjem doti\u010dnog predmeta ili vjerodostojno\u0161\u0107u reprodukcije.<\/p>\n<p>Sukladno \u010dlanku 3. Zakona, isti se ne primijenjuje na sadr\u017eaje mre\u017enih stranica i programskih rje\u0161enja za pokretne ure\u0111aje koji su kvalificirani kao arhiva. Kao arhiva u smislu ovoga Zakona smatraju se sadr\u017eaji koji nisu potrebni za postupke u tijeku niti se a\u017euriraju niti ure\u0111uju nakon 23. rujna 2019.<\/p>\n<p><strong>Priprema ove izjave o pristupa\u010dnosti<\/strong><\/p>\n<p>Ova je izjava sastavljena 18.9.2020., prema Predlo\u0161ku izjave o pristupa\u010dnosti koji je u skladu s Direktivom (EU) 2016\/2102 Europskog parlamenta i Vije\u0107a o pristupa\u010dnosti internetskih stranica i mobilnih aplikacija tijela javnog sektora, a utvr\u0111en je <u><a href=\"https:\/\/eur-lex.europa.eu\/legal-content\/HR\/TXT\/HTML\/?uri=CELEX:32018D1523&amp;qid=1590482508144&amp;from=HR\">Provedbenom odlukom Komisije (EU) 2018\/1523<\/a><\/u>.<\/p>\n<p>Izjava je zadnji put preispitana 18.9.2020.<\/p>\n<p><strong>Povratne informacije i podaci za kontakt<\/strong><\/p>\n<p>Molimo korisnike ove mre\u017ene stranice ako primijete neuskla\u0111en sadr\u017eaj, koji nije obuhva\u0107en ovom izjavom, da o tome obavijeste Nacionalnu i sveu\u010dili\u0161nu knji\u017enicu u Zagrebu.<\/p>\n<p>Sve upite i sugestije vezane uz pristupa\u010dnost mre\u017enog sjedi\u0161ta Nacionalne i sveu\u010dili\u0161ne knji\u017enice u Zagrebu korisnici mogu uputiti putem elektroni\u010dke po\u0161te:&nbsp;pristupacnost@nsk.hr.&nbsp;<\/p>\n<p>Nacionalna i sveu\u010dili\u0161na knji\u017enica u Zagrebu je du\u017ena na upit, obavijest ili zahtjev korisnika vezano uz osiguravanje pristupa\u010dnosti odgovoriti u roku od 15 dana od dana primitka obavijesti, odnosno zahtjeva ili ga u istom roku, uz detaljno obrazlo\u017eenje razloga koji zahtijevaju odgodu, obavijestiti o naknadnom roku u kojem \u0107e odgovoriti na korisnikovu obavijest ili zahtjev.<\/p>\n<p><strong>Postupak pra\u0107enja provedbe propisa<\/strong><\/p>\n<p>Povjerenik za informiranje Republike Hrvatske je tijelo nadle\u017eno za pra\u0107enje uskla\u0111enosti mre\u017enih stranica i programskih rje\u0161enja za pokretne ure\u0111aje tijela javnog sektora sa zahtjevima pristupa\u010dnosti kao i za nadzor nad provedbom Zakona. Poveznica na mre\u017enu stranicu inspekcijskog nadzora nalazi se na sljede\u0107oj adresi:&nbsp;<a href=\"https:\/\/pristupinfo.hr\">https:\/\/pristupinfo.hr<\/a>.<\/p>\n<p>U slu\u010daju nezadovoljavaju\u0107ih odgovora na obavijest ili zahtjev za povratne informacije o pristupa\u010dnosti ovih mre\u017enih stranica, korisnici se mogu obratiti Povjereniku za informiranje putem elektroni\u010dke po\u0161te:&nbsp;<u><a href=\"mailto:pristupacnost@pristupinfo.hr\">pristupacnost@pristupinfo.hr<\/a><\/u>.<\/p>\n","protected":false},"excerpt":{"rendered":"<p>Op\u0107enito Nacionalna i sveu\u010dili\u0161na knji\u017enica u Zagrebu nastoji svoje mre\u017ene stranice i programska rje\u0161enja u\u010diniti pristupa\u010dnima u skladu sa&nbsp;Zakonom o pristupa\u010dnosti mre\u017enih stranica i programskih rje\u0161enja za pokretne ure\u0111aje tijela javnog sektora Republike Hrvatske&nbsp;(\u201eNarodne novine\u201c, broj 17\/19; dalje u tekstu: Zakon) kojim se prenosi&nbsp;Direktiva (EU)&nbsp;2016\/2102 Europskog parlamenta i Vije\u0107a od 26.&nbsp;listopada 2016. o pristupa\u010dnosti internetskih [&hellip;]<\/p>\n","protected":false},"author":4,"featured_media":0,"parent":0,"menu_order":0,"comment_status":"closed","ping_status":"closed","template":"","meta":{"ngg_post_thumbnail":0},"yoast_head":"<!-- This site is optimized with the Yoast SEO plugin v17.8 - https:\/\/yoast.com\/wordpress\/plugins\/seo\/ -->\n<meta name=\"robots\" content=\"index, follow, max-snippet:-1, max-image-preview:large, max-video-preview:-1\" \/>\n<link rel=\"canonical\" href=\"https:\/\/mz.nsk.hr\/zbirka78\/izjava-o-pristupacnosti\/\" \/>\n<meta property=\"og:locale\" content=\"hr_HR\" \/>\n<meta property=\"og:type\" content=\"article\" \/>\n<meta property=\"og:title\" content=\"Izjava o pristupa\u010dnosti - Zvuci pro\u0161losti\" \/>\n<meta property=\"og:description\" content=\"Op\u0107enito Nacionalna i sveu\u010dili\u0161na knji\u017enica u Zagrebu nastoji svoje mre\u017ene stranice i programska rje\u0161enja u\u010diniti pristupa\u010dnima u skladu sa&nbsp;Zakonom o pristupa\u010dnosti mre\u017enih stranica i programskih rje\u0161enja za pokretne ure\u0111aje tijela javnog sektora Republike Hrvatske&nbsp;(\u201eNarodne novine\u201c, broj 17\/19; dalje u tekstu: Zakon) kojim se prenosi&nbsp;Direktiva (EU)&nbsp;2016\/2102 Europskog parlamenta i Vije\u0107a od 26.&nbsp;listopada 2016. o pristupa\u010dnosti internetskih [&hellip;]\" \/>\n<meta property=\"og:url\" content=\"https:\/\/mz.nsk.hr\/zbirka78\/izjava-o-pristupacnosti\/\" \/>\n<meta property=\"og:site_name\" content=\"Zvuci pro\u0161losti\" \/>\n<meta property=\"article:modified_time\" content=\"2020-09-18T09:04:09+00:00\" \/>\n<meta name=\"twitter:label1\" content=\"Procijenjeno vrijeme \u010ditanja\" \/>\n\t<meta name=\"twitter:data1\" content=\"4 minute\" \/>\n<script type=\"application\/ld+json\" class=\"yoast-schema-graph\">{\"@context\":\"https:\/\/schema.org\",\"@graph\":[{\"@type\":\"WebSite\",\"@id\":\"https:\/\/mz.nsk.hr\/zbirka78\/#website\",\"url\":\"https:\/\/mz.nsk.hr\/zbirka78\/\",\"name\":\"Zvuci pro\\u0161losti\",\"description\":\"\",\"potentialAction\":[{\"@type\":\"SearchAction\",\"target\":{\"@type\":\"EntryPoint\",\"urlTemplate\":\"https:\/\/mz.nsk.hr\/zbirka78\/?s={search_term_string}\"},\"query-input\":\"required name=search_term_string\"}],\"inLanguage\":\"hr\"},{\"@type\":\"WebPage\",\"@id\":\"https:\/\/mz.nsk.hr\/zbirka78\/izjava-o-pristupacnosti\/#webpage\",\"url\":\"https:\/\/mz.nsk.hr\/zbirka78\/izjava-o-pristupacnosti\/\",\"name\":\"Izjava o pristupa\\u010dnosti - Zvuci pro\\u0161losti\",\"isPartOf\":{\"@id\":\"https:\/\/mz.nsk.hr\/zbirka78\/#website\"},\"datePublished\":\"2020-09-18T09:03:39+00:00\",\"dateModified\":\"2020-09-18T09:04:09+00:00\",\"breadcrumb\":{\"@id\":\"https:\/\/mz.nsk.hr\/zbirka78\/izjava-o-pristupacnosti\/#breadcrumb\"},\"inLanguage\":\"hr\",\"potentialAction\":[{\"@type\":\"ReadAction\",\"target\":[\"https:\/\/mz.nsk.hr\/zbirka78\/izjava-o-pristupacnosti\/\"]}]},{\"@type\":\"BreadcrumbList\",\"@id\":\"https:\/\/mz.nsk.hr\/zbirka78\/izjava-o-pristupacnosti\/#breadcrumb\",\"itemListElement\":[{\"@type\":\"ListItem\",\"position\":1,\"name\":\"Home\",\"item\":\"https:\/\/mz.nsk.hr\/zbirka78\/\"},{\"@type\":\"ListItem\",\"position\":2,\"name\":\"Izjava o pristupa\\u010dnosti\"}]}]}<\/script>\n<!-- \/ Yoast SEO plugin. -->","yoast_head_json":{"robots":{"index":"index","follow":"follow","max-snippet":"max-snippet:-1","max-image-preview":"max-image-preview:large","max-video-preview":"max-video-preview:-1"},"canonical":"https:\/\/mz.nsk.hr\/zbirka78\/izjava-o-pristupacnosti\/","og_locale":"hr_HR","og_type":"article","og_title":"Izjava o pristupa\u010dnosti - Zvuci pro\u0161losti","og_description":"Op\u0107enito Nacionalna i sveu\u010dili\u0161na knji\u017enica u Zagrebu nastoji svoje mre\u017ene stranice i programska rje\u0161enja u\u010diniti pristupa\u010dnima u skladu sa&nbsp;Zakonom o pristupa\u010dnosti mre\u017enih stranica i programskih rje\u0161enja za pokretne ure\u0111aje tijela javnog sektora Republike Hrvatske&nbsp;(\u201eNarodne novine\u201c, broj 17\/19; dalje u tekstu: Zakon) kojim se prenosi&nbsp;Direktiva (EU)&nbsp;2016\/2102 Europskog parlamenta i Vije\u0107a od 26.&nbsp;listopada 2016. o pristupa\u010dnosti internetskih [&hellip;]","og_url":"https:\/\/mz.nsk.hr\/zbirka78\/izjava-o-pristupacnosti\/","og_site_name":"Zvuci pro\u0161losti","article_modified_time":"2020-09-18T09:04:09+00:00","twitter_misc":{"Procijenjeno vrijeme \u010ditanja":"4 minute"},"schema":{"@context":"https:\/\/schema.org","@graph":[{"@type":"WebSite","@id":"https:\/\/mz.nsk.hr\/zbirka78\/#website","url":"https:\/\/mz.nsk.hr\/zbirka78\/","name":"Zvuci pro\u0161losti","description":"","potentialAction":[{"@type":"SearchAction","target":{"@type":"EntryPoint","urlTemplate":"https:\/\/mz.nsk.hr\/zbirka78\/?s={search_term_string}"},"query-input":"required name=search_term_string"}],"inLanguage":"hr"},{"@type":"WebPage","@id":"https:\/\/mz.nsk.hr\/zbirka78\/izjava-o-pristupacnosti\/#webpage","url":"https:\/\/mz.nsk.hr\/zbirka78\/izjava-o-pristupacnosti\/","name":"Izjava o pristupa\u010dnosti - Zvuci pro\u0161losti","isPartOf":{"@id":"https:\/\/mz.nsk.hr\/zbirka78\/#website"},"datePublished":"2020-09-18T09:03:39+00:00","dateModified":"2020-09-18T09:04:09+00:00","breadcrumb":{"@id":"https:\/\/mz.nsk.hr\/zbirka78\/izjava-o-pristupacnosti\/#breadcrumb"},"inLanguage":"hr","potentialAction":[{"@type":"ReadAction","target":["https:\/\/mz.nsk.hr\/zbirka78\/izjava-o-pristupacnosti\/"]}]},{"@type":"BreadcrumbList","@id":"https:\/\/mz.nsk.hr\/zbirka78\/izjava-o-pristupacnosti\/#breadcrumb","itemListElement":[{"@type":"ListItem","position":1,"name":"Home","item":"https:\/\/mz.nsk.hr\/zbirka78\/"},{"@type":"ListItem","position":2,"name":"Izjava o pristupa\u010dnosti"}]}]}},"_links":{"self":[{"href":"https:\/\/mz.nsk.hr\/zbirka78\/wp-json\/wp\/v2\/pages\/1896"}],"collection":[{"href":"https:\/\/mz.nsk.hr\/zbirka78\/wp-json\/wp\/v2\/pages"}],"about":[{"href":"https:\/\/mz.nsk.hr\/zbirka78\/wp-json\/wp\/v2\/types\/page"}],"author":[{"embeddable":true,"href":"https:\/\/mz.nsk.hr\/zbirka78\/wp-json\/wp\/v2\/users\/4"}],"replies":[{"embeddable":true,"href":"https:\/\/mz.nsk.hr\/zbirka78\/wp-json\/wp\/v2\/comments?post=1896"}],"version-history":[{"count":2,"href":"https:\/\/mz.nsk.hr\/zbirka78\/wp-json\/wp\/v2\/pages\/1896\/revisions"}],"predecessor-version":[{"id":1898,"href":"https:\/\/mz.nsk.hr\/zbirka78\/wp-json\/wp\/v2\/pages\/1896\/revisions\/1898"}],"wp:attachment":[{"href":"https:\/\/mz.nsk.hr\/zbirka78\/wp-json\/wp\/v2\/media?parent=1896"}],"curies":[{"name":"wp","href":"https:\/\/api.w.org\/{rel}","templated":true}]}}