{"id":207,"date":"2013-08-12T13:30:45","date_gmt":"2013-08-12T13:30:45","guid":{"rendered":"http:\/\/mz.nsk.hr\/zbirka78\/?page_id=207"},"modified":"2013-09-26T10:58:15","modified_gmt":"2013-09-26T10:58:15","slug":"o-autorima-i-izvodjacima","status":"publish","type":"page","link":"https:\/\/mz.nsk.hr\/zbirka78\/albumi-i-katalozi\/o-autorima-i-izvodjacima\/","title":{"rendered":"O autorima i izvo\u0111a\u010dima"},"content":{"rendered":"<div id=\"ccgallery\" data-coverflow-fade=\"true\" data-autoplay=\"true\"><menu type=\"toolbar\"><div class=\"buttonset\" id=\"displayButtons\" style=\"display:none\"><a class=\"navbuttons active\" id=\"gocoverflow\">Coverflow<\/a>\n\t\t\t\t<a class=\"navbuttons\" id=\"gothumbs\">Thumbnails<\/a><\/div><div class=\"buttonset\" id=\"sortButtons\"><a class=\"navbuttons active\" id=\"all\" data-type=\"all\">All<\/a><a class=\"navbuttons\" id=\"photos\" data-type=\"photo\">Photos<\/a><a class=\"navbuttons\" id=\"audios\" data-type=\"audio\">Audios<\/a><a class=\"navbuttons\" id=\"videos\" data-type=\"video\">Videos<\/a><\/div>\n\t\t<\/menu>\n\t\t\n\t\t<section class=\"displayStyle\" id=\"coverflowGallery\">\n\t\t\t<div id=\"coverContainer\"><\/div>\n\t\t\t\n\t\t\t<div id=\"scroll-wrap\">\n\t\t\t\t<a id=\"next\"><\/a>\n\t\t\t\t<div id=\"scrollbar-track\">\n\t\t\t\t\t<a href=\"#\" class=\"ui-slider-handle\"><\/a>\n\t\t\t\t<\/div>\n\t\t\t\t<a id=\"prev\"><\/a>\n\t\t\t<\/div>\n\t\t\t\n\t\t\t<div id=\"listWrapper\" style=\"display: none\">\n\t\t\t\t<ol id=\"itemList\"><\/ol>\n\t\t\t<\/div>\n\t\t<\/section>  <!-- end #coverflowGallery -->\n\t\t\n\t\t<section class=\"displayStyle\" id=\"thumbGallery\" style=\"display: none\">\n\t\t\t<ul><\/ul>\n\t\t<\/section>  <!-- end #thumbGallery -->\n\t<\/div>  <!-- end #ccgallery -->\n","protected":false},"excerpt":{"rendered":"","protected":false},"author":4,"featured_media":0,"parent":23,"menu_order":0,"comment_status":"open","ping_status":"open","template":"","meta":{"ngg_post_thumbnail":0},"yoast_head":"<!-- This site is optimized with the Yoast SEO plugin v17.8 - https:\/\/yoast.com\/wordpress\/plugins\/seo\/ -->\n<meta name=\"robots\" content=\"index, follow, max-snippet:-1, max-image-preview:large, max-video-preview:-1\" \/>\n<link rel=\"canonical\" href=\"https:\/\/mz.nsk.hr\/zbirka78\/albumi-i-katalozi\/o-autorima-i-izvodjacima\/\" \/>\n<meta property=\"og:locale\" content=\"hr_HR\" \/>\n<meta property=\"og:type\" content=\"article\" \/>\n<meta property=\"og:title\" content=\"O autorima i izvo\u0111a\u010dima - Zvuci pro\u0161losti\" \/>\n<meta property=\"og:url\" content=\"https:\/\/mz.nsk.hr\/zbirka78\/albumi-i-katalozi\/o-autorima-i-izvodjacima\/\" \/>\n<meta property=\"og:site_name\" content=\"Zvuci pro\u0161losti\" \/>\n<meta property=\"article:modified_time\" content=\"2013-09-26T10:58:15+00:00\" \/>\n<script type=\"application\/ld+json\" class=\"yoast-schema-graph\">{\"@context\":\"https:\/\/schema.org\",\"@graph\":[{\"@type\":\"WebSite\",\"@id\":\"https:\/\/mz.nsk.hr\/zbirka78\/#website\",\"url\":\"https:\/\/mz.nsk.hr\/zbirka78\/\",\"name\":\"Zvuci pro\\u0161losti\",\"description\":\"\",\"potentialAction\":[{\"@type\":\"SearchAction\",\"target\":{\"@type\":\"EntryPoint\",\"urlTemplate\":\"https:\/\/mz.nsk.hr\/zbirka78\/?s={search_term_string}\"},\"query-input\":\"required name=search_term_string\"}],\"inLanguage\":\"hr\"},{\"@type\":\"WebPage\",\"@id\":\"https:\/\/mz.nsk.hr\/zbirka78\/albumi-i-katalozi\/o-autorima-i-izvodjacima\/#webpage\",\"url\":\"https:\/\/mz.nsk.hr\/zbirka78\/albumi-i-katalozi\/o-autorima-i-izvodjacima\/\",\"name\":\"O autorima i izvo\\u0111a\\u010dima - Zvuci pro\\u0161losti\",\"isPartOf\":{\"@id\":\"https:\/\/mz.nsk.hr\/zbirka78\/#website\"},\"datePublished\":\"2013-08-12T13:30:45+00:00\",\"dateModified\":\"2013-09-26T10:58:15+00:00\",\"breadcrumb\":{\"@id\":\"https:\/\/mz.nsk.hr\/zbirka78\/albumi-i-katalozi\/o-autorima-i-izvodjacima\/#breadcrumb\"},\"inLanguage\":\"hr\",\"potentialAction\":[{\"@type\":\"ReadAction\",\"target\":[\"https:\/\/mz.nsk.hr\/zbirka78\/albumi-i-katalozi\/o-autorima-i-izvodjacima\/\"]}]},{\"@type\":\"BreadcrumbList\",\"@id\":\"https:\/\/mz.nsk.hr\/zbirka78\/albumi-i-katalozi\/o-autorima-i-izvodjacima\/#breadcrumb\",\"itemListElement\":[{\"@type\":\"ListItem\",\"position\":1,\"name\":\"Home\",\"item\":\"https:\/\/mz.nsk.hr\/zbirka78\/\"},{\"@type\":\"ListItem\",\"position\":2,\"name\":\"Galerija\",\"item\":\"https:\/\/mz.nsk.hr\/zbirka78\/albumi-i-katalozi\/\"},{\"@type\":\"ListItem\",\"position\":3,\"name\":\"O autorima i izvo\\u0111a\\u010dima\"}]}]}<\/script>\n<!-- \/ Yoast SEO plugin. -->","yoast_head_json":{"robots":{"index":"index","follow":"follow","max-snippet":"max-snippet:-1","max-image-preview":"max-image-preview:large","max-video-preview":"max-video-preview:-1"},"canonical":"https:\/\/mz.nsk.hr\/zbirka78\/albumi-i-katalozi\/o-autorima-i-izvodjacima\/","og_locale":"hr_HR","og_type":"article","og_title":"O autorima i izvo\u0111a\u010dima - Zvuci pro\u0161losti","og_url":"https:\/\/mz.nsk.hr\/zbirka78\/albumi-i-katalozi\/o-autorima-i-izvodjacima\/","og_site_name":"Zvuci pro\u0161losti","article_modified_time":"2013-09-26T10:58:15+00:00","schema":{"@context":"https:\/\/schema.org","@graph":[{"@type":"WebSite","@id":"https:\/\/mz.nsk.hr\/zbirka78\/#website","url":"https:\/\/mz.nsk.hr\/zbirka78\/","name":"Zvuci pro\u0161losti","description":"","potentialAction":[{"@type":"SearchAction","target":{"@type":"EntryPoint","urlTemplate":"https:\/\/mz.nsk.hr\/zbirka78\/?s={search_term_string}"},"query-input":"required name=search_term_string"}],"inLanguage":"hr"},{"@type":"WebPage","@id":"https:\/\/mz.nsk.hr\/zbirka78\/albumi-i-katalozi\/o-autorima-i-izvodjacima\/#webpage","url":"https:\/\/mz.nsk.hr\/zbirka78\/albumi-i-katalozi\/o-autorima-i-izvodjacima\/","name":"O autorima i izvo\u0111a\u010dima - Zvuci pro\u0161losti","isPartOf":{"@id":"https:\/\/mz.nsk.hr\/zbirka78\/#website"},"datePublished":"2013-08-12T13:30:45+00:00","dateModified":"2013-09-26T10:58:15+00:00","breadcrumb":{"@id":"https:\/\/mz.nsk.hr\/zbirka78\/albumi-i-katalozi\/o-autorima-i-izvodjacima\/#breadcrumb"},"inLanguage":"hr","potentialAction":[{"@type":"ReadAction","target":["https:\/\/mz.nsk.hr\/zbirka78\/albumi-i-katalozi\/o-autorima-i-izvodjacima\/"]}]},{"@type":"BreadcrumbList","@id":"https:\/\/mz.nsk.hr\/zbirka78\/albumi-i-katalozi\/o-autorima-i-izvodjacima\/#breadcrumb","itemListElement":[{"@type":"ListItem","position":1,"name":"Home","item":"https:\/\/mz.nsk.hr\/zbirka78\/"},{"@type":"ListItem","position":2,"name":"Galerija","item":"https:\/\/mz.nsk.hr\/zbirka78\/albumi-i-katalozi\/"},{"@type":"ListItem","position":3,"name":"O autorima i izvo\u0111a\u010dima"}]}]}},"_links":{"self":[{"href":"https:\/\/mz.nsk.hr\/zbirka78\/wp-json\/wp\/v2\/pages\/207"}],"collection":[{"href":"https:\/\/mz.nsk.hr\/zbirka78\/wp-json\/wp\/v2\/pages"}],"about":[{"href":"https:\/\/mz.nsk.hr\/zbirka78\/wp-json\/wp\/v2\/types\/page"}],"author":[{"embeddable":true,"href":"https:\/\/mz.nsk.hr\/zbirka78\/wp-json\/wp\/v2\/users\/4"}],"replies":[{"embeddable":true,"href":"https:\/\/mz.nsk.hr\/zbirka78\/wp-json\/wp\/v2\/comments?post=207"}],"version-history":[{"count":3,"href":"https:\/\/mz.nsk.hr\/zbirka78\/wp-json\/wp\/v2\/pages\/207\/revisions"}],"predecessor-version":[{"id":763,"href":"https:\/\/mz.nsk.hr\/zbirka78\/wp-json\/wp\/v2\/pages\/207\/revisions\/763"}],"up":[{"embeddable":true,"href":"https:\/\/mz.nsk.hr\/zbirka78\/wp-json\/wp\/v2\/pages\/23"}],"wp:attachment":[{"href":"https:\/\/mz.nsk.hr\/zbirka78\/wp-json\/wp\/v2\/media?parent=207"}],"curies":[{"name":"wp","href":"https:\/\/api.w.org\/{rel}","templated":true}]}}