{"id":213,"date":"2013-08-12T13:31:54","date_gmt":"2013-08-12T13:31:54","guid":{"rendered":"http:\/\/mz.nsk.hr\/zbirka78\/?page_id=213"},"modified":"2013-11-06T09:52:21","modified_gmt":"2013-11-06T09:52:21","slug":"razvoj-fonografije-u-hrvatskoj","status":"publish","type":"page","link":"https:\/\/mz.nsk.hr\/zbirka78\/o-fonografiji\/razvoj-fonografije-u-hrvatskoj\/","title":{"rendered":"Razvoj fonografije u Hrvatskoj"},"content":{"rendered":"<p>Razvojem fonografije te \u0161irenjem tr\u017ei\u0161ta fonografskih izdanja i Hrvatska je upoznata s najnovijim dostignu\u0107ima tehnike. Ve\u0107 krajem 19. stolje\u0107a zagreba\u010dka publika bila je upoznata s fonografom kao najnovijim dostignu\u0107em u snimanju zvuka. Ipak, povijest hrvatske diskografije zapo\u010dinje po\u010detkom 20. stolje\u0107a. Prve gramofonske plo\u010de na kojima su snimljeni hrvatski izvo\u0111a\u010di te djela hrvatskih skladatelja pojavljuju se 1906. u tada\u0161njoj Austro-Ugarskoj. U tada\u0161njem Zagrebu mogle su se nabaviti i gramofonske plo\u010de i gramofoni, a dosta podataka o tome nalazimo u starijoj periodici koja je izlazila po\u010detkom 20. stolje\u0107a, kao \u0161to su novine Jutarnji list, Obzor i Motor.[9]Ve\u0107 1899. trgovac Mavro Drucker iz Ilice 39 nudi na prodaju sve vrste mehani\u010dkih glazbenih nastroja (Obzor, 15. 11. 1899.), dok se sljede\u0107e godine, 1900., u Obzoru prvi put spominje fonograf te se poziva pu\u010danstvo da sudjeluje na predstavljanju Edisonova fonografa u Zagrebu. (Obzor, 14. 3. 1890.).<\/p>\n<p>&nbsp;<\/p>\n<div id=\"attachment_869\" style=\"width: 162px\" class=\"wp-caption alignleft\"><img aria-describedby=\"caption-attachment-869\" loading=\"lazy\" class=\"size-medium wp-image-869\" alt=\"test alt tekst\" src=\"https:\/\/mz.nsk.hr\/zbirka78\/wp-content\/uploads\/2013\/08\/01-152x300.jpg\" width=\"152\" height=\"300\" srcset=\"https:\/\/mz.nsk.hr\/zbirka78\/wp-content\/uploads\/2013\/08\/01-152x300.jpg 152w, https:\/\/mz.nsk.hr\/zbirka78\/wp-content\/uploads\/2013\/08\/01.jpg 478w\" sizes=\"(max-width: 152px) 100vw, 152px\" \/><p id=\"caption-attachment-869\" class=\"wp-caption-text\">Edisonov fonograf u Zagrebu, Obzor, 14. 3. 1890.<\/p><\/div>\n<p><div id=\"attachment_880\" style=\"width: 300px\" class=\"wp-caption alignleft\"><a href=\"https:\/\/mz.nsk.hr\/zbirka78\/wp-content\/uploads\/2013\/08\/02.jpg\"><img aria-describedby=\"caption-attachment-880\" loading=\"lazy\" class=\"size-medium wp-image-880\" alt=\"Ovitak gramofonske plo\u010de s reklamom za prodaju gramofona i gramofonskih plo\u010da, M. Drucker iz Zagreba\" src=\"https:\/\/mz.nsk.hr\/zbirka78\/wp-content\/uploads\/2013\/08\/02-290x300.jpg\" width=\"290\" height=\"300\" srcset=\"https:\/\/mz.nsk.hr\/zbirka78\/wp-content\/uploads\/2013\/08\/02-290x300.jpg 290w, https:\/\/mz.nsk.hr\/zbirka78\/wp-content\/uploads\/2013\/08\/02.jpg 432w\" sizes=\"(max-width: 290px) 100vw, 290px\" \/><\/a><p id=\"caption-attachment-880\" class=\"wp-caption-text\">Ovitak gramofonske plo\u010de s reklamom za prodaju gramofona i gramofonskih plo\u010da, M. Drucker iz Zagreba<\/p><\/div><br \/>\n&nbsp;<\/p>\n<p>&nbsp;<\/p>\n<p>&nbsp;<\/p>\n<p>&nbsp;<\/p>\n<p>&nbsp;<\/p>\n<p>&nbsp;<\/p>\n<p>&nbsp;<\/p>\n<p>&nbsp;<\/p>\n<p>&nbsp;<\/p>\n<p>&nbsp;<\/p>\n<p>&nbsp;<\/p>\n<p>&nbsp;<\/p>\n<p>Iz starije periodike koja je izlazila po\u010detkom 20. stolje\u0107a saznaje se da su se ve\u0107 1900. u Zagrebu mogli kupiti Columbia gramofoni i phonograph-valjci koje u Marovskoj ulici 24 u Zagrebu prodaje trgovac Ferdinand Budicki (Obzor, 12. 12. 1900.). U prvom desetlje\u0107u 20. stolje\u0107a \u0161iri se tr\u017ei\u0161te i prodaja gramofonskih plo\u010da i gramofona koje u Zagrebu, osim dvojice spomenutih, nude hrvatski trgovci, ali i zastupnici stranih tvrtki. Neki od njih su Milan Obuljen, F. Brusicki, \u0160andor Kudelka, zatim be\u010dki zastupnik L\u00f6win, dok tijekom dvadesetih godina gramofonske plo\u010de i gramofone prodaju E. Fischer u Juri\u0161i\u0107evoj ulici, Tomay u Ilici 49 te Pavao Kauders na Zrinjskome trgu 17.<\/p>\n<p>U najve\u0107em broju gramofonske plo\u010de snimane su u inozemstvu (Be\u010d, Berlin, London, Prag) sve do 1924. kada vlasnik tvrtke Edison Bell iz Londona utemeljuje istoimenu podru\u017enicu u Zagrebu.<\/span>[10]<span style=\"font-family: Calibri;\"> Najprije su objavljivane licencne plo\u010de, a od 1926. ujedinjuju se s zagreba\u010dkom tvornicom olovaka Penkala te stvaraju dioni\u010dko dru\u0161tvo pod nazivom <b>Edison Bell Penkala (EBP).<\/b>\u00a0<\/p>\n<p>U Zagrebu se od 1926. ne samo snimaju i objavljuju ve\u0107 i proizvode gramofonske plo\u010de i gramofoni. Glazbeni urednici u EBP-u bili su Pavao Markovac te Ivo Tijardovi\u0107. Repertoar izdanja uklju\u010divao je operne i operetne arije, \u0161lagere, narodne pjesme, \u0161aljive pjesme, kuplete, vojnu glazbu s tada\u0161njim poznatim glazbenim umjetnicima i glumcima. Neki od najpoznatijih izvo\u0111a\u010da bili su Dejan Dubaji\u0107, Arno\u0161t Grund, Vlaho Paljetak, Marta Pospi\u0161il Grif, Milan \u0160epec, Mario \u0160imenc te Tinka Wesel Polla.<\/p>\n<p>Budu\u0107i da je 1926. u Zagrebu utemeljena tvrtka Edison Bell Penkala, izdava\u010dka ku\u0107a i tvornica gramofonskih plo\u010da, u novinama tada\u0161njega vremena \u010deste su reklamne ponude za prodaju vlastitih izdanja gramofonskih plo\u010da te gramofona.<\/p>\n<p>&nbsp;<\/p>\n<div id=\"attachment_894\" style=\"width: 201px\" class=\"wp-caption alignleft\"><a href=\"https:\/\/mz.nsk.hr\/zbirka78\/wp-content\/uploads\/2013\/08\/3.jpg\"><img aria-describedby=\"caption-attachment-894\" loading=\"lazy\" class=\"size-medium wp-image-894\" alt=\"Edison Bell Penkala reklama, Jutarnji list, 25. 12. 1927.\" src=\"https:\/\/mz.nsk.hr\/zbirka78\/wp-content\/uploads\/2013\/08\/3-191x300.jpg\" width=\"191\" height=\"300\" srcset=\"https:\/\/mz.nsk.hr\/zbirka78\/wp-content\/uploads\/2013\/08\/3-191x300.jpg 191w, https:\/\/mz.nsk.hr\/zbirka78\/wp-content\/uploads\/2013\/08\/3.jpg 470w\" sizes=\"(max-width: 191px) 100vw, 191px\" \/><\/a><p id=\"caption-attachment-894\" class=\"wp-caption-text\">Edison Bell Penkala reklama, Jutarnji list, 25. 12. 1927.<\/p><\/div>\n<div id=\"attachment_896\" style=\"width: 221px\" class=\"wp-caption alignleft\"><a href=\"https:\/\/mz.nsk.hr\/zbirka78\/wp-content\/uploads\/2013\/08\/4.jpg\"><img aria-describedby=\"caption-attachment-896\" loading=\"lazy\" class=\"size-medium wp-image-896\" alt=\"Edison Bell Penkala reklama, Svijet, 11. 12. 1926.\" src=\"https:\/\/mz.nsk.hr\/zbirka78\/wp-content\/uploads\/2013\/08\/4-211x300.jpg\" width=\"211\" height=\"300\" srcset=\"https:\/\/mz.nsk.hr\/zbirka78\/wp-content\/uploads\/2013\/08\/4-211x300.jpg 211w, https:\/\/mz.nsk.hr\/zbirka78\/wp-content\/uploads\/2013\/08\/4.jpg 521w\" sizes=\"(max-width: 211px) 100vw, 211px\" \/><\/a><p id=\"caption-attachment-896\" class=\"wp-caption-text\">Edison Bell Penkala reklama, Svijet, 11. 12. 1926.<\/p><\/div>\n<p>&nbsp;<\/p>\n<p>&nbsp;<\/p>\n<p>&nbsp;<\/p>\n<p>&nbsp;<\/p>\n<p>&nbsp;<\/p>\n<p>&nbsp;<\/p>\n<p>&nbsp;<\/p>\n<p>&nbsp;<\/p>\n<p>&nbsp;<\/p>\n<p>&nbsp;<\/p>\n<p>&nbsp;<\/p>\n<p>Akusti\u010dko razdoblje snimanja zvuka zavr\u0161ava 1926. kada se zvuk po\u010dinje elektri\u010dno snimati. Jedna je od prvih gramofonskih plo\u010da snimljenih elektri\u010dnim putem ona na kojoj su u\u017eivo snimane bo\u017ei\u0107ne pjesme iz zagreba\u010dke katedrale iz prosinca 1927. godine. Zanimljivost je da u Jutarnjem listu od 4. prosinca 1927. pod sloganom Va\u0161 glas u gramofonu! tvrtka Edison Bell Penkala poziva zagreba\u010dko gradjanstvo na senzaciju tehnike i gramofonsko snimanje na daljinu te snimanje u\u017eivo bo\u017ei\u0107nih pjesma da bi ove plo\u010de na\u0161ih bo\u017ei\u0107nih pjesama ispale \u0161to savr\u0161enije i veli\u010dajnije. Snimka predstavlja jedno od prvih javnih snimanja u svijetu. Kako je zagreba\u010dki puk pjevao bo\u017ei\u0107ne pjesme 1927. mo\u017eete poslu\u0161ati ovdje.<\/p>\n<p>Tvrtka Edison Bell Penkala posluje do 1937., kada pada u ste\u010daj, a zauvijek prestaje s radom nakon rata, 1946. godine.[11]<\/p>\n<p>Hrvatski umjetnici, osim za EBP, snimali su i za tvrtku Elektroton koja se kao podru\u017enica tvrtke Odeon-Parlaphon utemeljuje u Ljubljani 1937. godine. Od 1938. podru\u017enica je bila utemeljena i u Zagrebu, a plo\u010de su se proizvodile samo na temelju licenciranih matrica. Elektroton prestaje s radom 1947. kada se utemeljuje tvornica gramofonskih plo\u010da Jugoton te joj se dodjeljuje imovina poduze\u0107a EBP i Elektroton.<\/p>\n<p>&nbsp;<\/p>\n<p><a href=\"https:\/\/mz.nsk.hr\/zbirka78\/wp-content\/uploads\/2013\/08\/6.png\"><img loading=\"lazy\" class=\"alignleft size-thumbnail wp-image-916\" alt=\"6\" src=\"https:\/\/mz.nsk.hr\/zbirka78\/wp-content\/uploads\/2013\/08\/6-150x150.png\" width=\"150\" height=\"150\" srcset=\"https:\/\/mz.nsk.hr\/zbirka78\/wp-content\/uploads\/2013\/08\/6-150x150.png 150w, https:\/\/mz.nsk.hr\/zbirka78\/wp-content\/uploads\/2013\/08\/6-300x297.png 300w, https:\/\/mz.nsk.hr\/zbirka78\/wp-content\/uploads\/2013\/08\/6-50x50.png 50w, https:\/\/mz.nsk.hr\/zbirka78\/wp-content\/uploads\/2013\/08\/6.png 422w\" sizes=\"(max-width: 150px) 100vw, 150px\" \/><\/a><\/p>\n<p><a href=\"https:\/\/mz.nsk.hr\/zbirka78\/wp-content\/uploads\/2013\/08\/7.png\"><img loading=\"lazy\" class=\"alignleft size-thumbnail wp-image-917\" alt=\"7\" src=\"https:\/\/mz.nsk.hr\/zbirka78\/wp-content\/uploads\/2013\/08\/7-150x150.png\" width=\"150\" height=\"150\" srcset=\"https:\/\/mz.nsk.hr\/zbirka78\/wp-content\/uploads\/2013\/08\/7-150x150.png 150w, https:\/\/mz.nsk.hr\/zbirka78\/wp-content\/uploads\/2013\/08\/7-50x50.png 50w, https:\/\/mz.nsk.hr\/zbirka78\/wp-content\/uploads\/2013\/08\/7.png 398w\" sizes=\"(max-width: 150px) 100vw, 150px\" \/><\/a><\/p>\n<p><a href=\"https:\/\/mz.nsk.hr\/zbirka78\/wp-content\/uploads\/2013\/08\/8.png\"><img loading=\"lazy\" class=\"alignleft size-thumbnail wp-image-923\" alt=\"8\" src=\"https:\/\/mz.nsk.hr\/zbirka78\/wp-content\/uploads\/2013\/08\/8-150x150.png\" width=\"150\" height=\"150\" srcset=\"https:\/\/mz.nsk.hr\/zbirka78\/wp-content\/uploads\/2013\/08\/8-150x150.png 150w, https:\/\/mz.nsk.hr\/zbirka78\/wp-content\/uploads\/2013\/08\/8-50x50.png 50w\" sizes=\"(max-width: 150px) 100vw, 150px\" \/><\/a><\/p>\n<p>&nbsp;<\/p>\n<p>&nbsp;<\/p>\n<p>&nbsp;<\/p>\n<p>&nbsp;<\/p>\n<p>&nbsp;<\/p>\n<p>&nbsp;<\/p>\n<p>Literatura:<\/p>\n<p>The New Grove dictionary of music and musicians. \/ ed. by Stanlie Sadie. New York : Macmillan, 1990.<\/p>\n<p>Fonografija u Hrvatskoj : 1927. \u2013 1997.\/ uredio \u017deljko Staklarevi\u0107. Zagreb : Tehni\u010dki muzej, 1997. <\/p>\n<p>Leksikon jugoslavenske muzike. \/ urednik Kre\u0161imir Kova\u010devi\u0107. Zagreb : Leksikografski zavod, 1984.<\/p>\n<p>Muzi\u010dka enciklopedija. \/ urednik Kre\u0161imir Kova\u010devi\u0107. Zagreb : JLZ, 1974.<\/p>\n<p>Povratak vinila u digitalnoj eri, citirano [2013-02-19]. Dostupno na:<br \/>\n<a href=\"http:\/\/www.nacional.hr\/clanak\/48069\/povratak-vinila-u-digitalnoj-eri\">http:\/\/www.nacional.hr\/clanak\/48069\/povratak-vinila-u-digitalnoj-eri<\/a><\/p>\n<p>The Routledge guide to music technology \/ edited by Thom Holmes. New York : Taylor &amp; Francis Group, 2006.<\/p>\n<p>What is shellac?, citirano [2013-02-07]. Dostupno na:<br \/>\n<a href=\"http:\/\/www.shellac.org\/shellac.html\">http:\/\/www.shellac.org\/shellac.html<\/a><\/p>\n<p>Jutarnji list, 40 (1926.) ; 41 (1927.)<\/p>\n<p>Obzor, 40 (1890.) ; 41 (1900.) ; 49 (1908.) ; 51 (1910.) ; 52 (1911.)<\/p>\n<p>Motor, 3 (1927.).<\/p>\n<div>\n<p>&nbsp;<\/p>\n<hr align=\"left\" size=\"1\" width=\"33%\" \/>\n<div>\n<p>[9]<span style=\"font-size: small;\"><span style=\"font-family: Calibri;\"><span>Lipov\u0161\u0107ak, Veljko. Iz povijesti hrvatskih zvu\u010dnih zapisa na 78 okretaja \/\/ Fonografija u Hrvatskoj \/ uredio \u017deljko Staklarevi\u0107. Zagreb : Tehni\u010dki muzej, 1997. Str. 15-16.<\/span><\/span><\/span><\/p>\n<\/div>\n<div>\n<p>[10]<span style=\"font-size: small;\"><span style=\"font-family: Calibri;\"><span>Gramofonska produkcija . \/\/ Leksikon jugoslavenske muzike \/ urednik Kre\u0161imir Kova\u010devi\u0107. Sv. 1. Zagreb : Jugoslavenski leksikografski zavod, 1984. Str. 288-289. <\/span><\/span><\/span><\/p>\n<\/div>\n<div>\n<p>[11]<span style=\"font-size: small;\"><span style=\"font-family: Calibri;\"><span> Isto. Str. 26-27.<\/span><\/span><\/span><\/p>\n<\/div>\n<\/div>\n","protected":false},"excerpt":{"rendered":"<p>Razvojem fonografije te \u0161irenjem tr\u017ei\u0161ta fonografskih izdanja i Hrvatska je upoznata s najnovijim dostignu\u0107ima tehnike. Ve\u0107 krajem 19. stolje\u0107a zagreba\u010dka publika bila je upoznata s fonografom kao najnovijim dostignu\u0107em u snimanju zvuka. Ipak, povijest hrvatske diskografije zapo\u010dinje po\u010detkom 20. stolje\u0107a. Prve gramofonske plo\u010de na kojima su snimljeni hrvatski izvo\u0111a\u010di te djela hrvatskih skladatelja pojavljuju se [&hellip;]<\/p>\n","protected":false},"author":4,"featured_media":0,"parent":209,"menu_order":0,"comment_status":"open","ping_status":"open","template":"","meta":{"ngg_post_thumbnail":0},"yoast_head":"<!-- This site is optimized with the Yoast SEO plugin v17.8 - https:\/\/yoast.com\/wordpress\/plugins\/seo\/ -->\n<meta name=\"robots\" content=\"index, follow, max-snippet:-1, max-image-preview:large, max-video-preview:-1\" \/>\n<link rel=\"canonical\" href=\"https:\/\/mz.nsk.hr\/zbirka78\/o-fonografiji\/razvoj-fonografije-u-hrvatskoj\/\" \/>\n<meta property=\"og:locale\" content=\"hr_HR\" \/>\n<meta property=\"og:type\" content=\"article\" \/>\n<meta property=\"og:title\" content=\"Razvoj fonografije u Hrvatskoj - Zvuci pro\u0161losti\" \/>\n<meta property=\"og:description\" content=\"Razvojem fonografije te \u0161irenjem tr\u017ei\u0161ta fonografskih izdanja i Hrvatska je upoznata s najnovijim dostignu\u0107ima tehnike. Ve\u0107 krajem 19. stolje\u0107a zagreba\u010dka publika bila je upoznata s fonografom kao najnovijim dostignu\u0107em u snimanju zvuka. Ipak, povijest hrvatske diskografije zapo\u010dinje po\u010detkom 20. stolje\u0107a. Prve gramofonske plo\u010de na kojima su snimljeni hrvatski izvo\u0111a\u010di te djela hrvatskih skladatelja pojavljuju se [&hellip;]\" \/>\n<meta property=\"og:url\" content=\"https:\/\/mz.nsk.hr\/zbirka78\/o-fonografiji\/razvoj-fonografije-u-hrvatskoj\/\" \/>\n<meta property=\"og:site_name\" content=\"Zvuci pro\u0161losti\" \/>\n<meta property=\"article:modified_time\" content=\"2013-11-06T09:52:21+00:00\" \/>\n<meta property=\"og:image\" content=\"http:\/\/mz.nsk.hr\/zbirka78\/wp-content\/uploads\/2013\/08\/01-152x300.jpg\" \/>\n<meta name=\"twitter:label1\" content=\"Procijenjeno vrijeme \u010ditanja\" \/>\n\t<meta name=\"twitter:data1\" content=\"4 minute\" \/>\n<script type=\"application\/ld+json\" class=\"yoast-schema-graph\">{\"@context\":\"https:\/\/schema.org\",\"@graph\":[{\"@type\":\"WebSite\",\"@id\":\"https:\/\/mz.nsk.hr\/zbirka78\/#website\",\"url\":\"https:\/\/mz.nsk.hr\/zbirka78\/\",\"name\":\"Zvuci pro\\u0161losti\",\"description\":\"\",\"potentialAction\":[{\"@type\":\"SearchAction\",\"target\":{\"@type\":\"EntryPoint\",\"urlTemplate\":\"https:\/\/mz.nsk.hr\/zbirka78\/?s={search_term_string}\"},\"query-input\":\"required name=search_term_string\"}],\"inLanguage\":\"hr\"},{\"@type\":\"ImageObject\",\"@id\":\"https:\/\/mz.nsk.hr\/zbirka78\/o-fonografiji\/razvoj-fonografije-u-hrvatskoj\/#primaryimage\",\"inLanguage\":\"hr\",\"url\":\"http:\/\/mz.nsk.hr\/zbirka78\/wp-content\/uploads\/2013\/08\/01-152x300.jpg\",\"contentUrl\":\"http:\/\/mz.nsk.hr\/zbirka78\/wp-content\/uploads\/2013\/08\/01-152x300.jpg\"},{\"@type\":\"WebPage\",\"@id\":\"https:\/\/mz.nsk.hr\/zbirka78\/o-fonografiji\/razvoj-fonografije-u-hrvatskoj\/#webpage\",\"url\":\"https:\/\/mz.nsk.hr\/zbirka78\/o-fonografiji\/razvoj-fonografije-u-hrvatskoj\/\",\"name\":\"Razvoj fonografije u Hrvatskoj - Zvuci pro\\u0161losti\",\"isPartOf\":{\"@id\":\"https:\/\/mz.nsk.hr\/zbirka78\/#website\"},\"primaryImageOfPage\":{\"@id\":\"https:\/\/mz.nsk.hr\/zbirka78\/o-fonografiji\/razvoj-fonografije-u-hrvatskoj\/#primaryimage\"},\"datePublished\":\"2013-08-12T13:31:54+00:00\",\"dateModified\":\"2013-11-06T09:52:21+00:00\",\"breadcrumb\":{\"@id\":\"https:\/\/mz.nsk.hr\/zbirka78\/o-fonografiji\/razvoj-fonografije-u-hrvatskoj\/#breadcrumb\"},\"inLanguage\":\"hr\",\"potentialAction\":[{\"@type\":\"ReadAction\",\"target\":[\"https:\/\/mz.nsk.hr\/zbirka78\/o-fonografiji\/razvoj-fonografije-u-hrvatskoj\/\"]}]},{\"@type\":\"BreadcrumbList\",\"@id\":\"https:\/\/mz.nsk.hr\/zbirka78\/o-fonografiji\/razvoj-fonografije-u-hrvatskoj\/#breadcrumb\",\"itemListElement\":[{\"@type\":\"ListItem\",\"position\":1,\"name\":\"Home\",\"item\":\"https:\/\/mz.nsk.hr\/zbirka78\/\"},{\"@type\":\"ListItem\",\"position\":2,\"name\":\"O fonografiji\",\"item\":\"https:\/\/mz.nsk.hr\/zbirka78\/o-fonografiji\/\"},{\"@type\":\"ListItem\",\"position\":3,\"name\":\"Razvoj fonografije u Hrvatskoj\"}]}]}<\/script>\n<!-- \/ Yoast SEO plugin. -->","yoast_head_json":{"robots":{"index":"index","follow":"follow","max-snippet":"max-snippet:-1","max-image-preview":"max-image-preview:large","max-video-preview":"max-video-preview:-1"},"canonical":"https:\/\/mz.nsk.hr\/zbirka78\/o-fonografiji\/razvoj-fonografije-u-hrvatskoj\/","og_locale":"hr_HR","og_type":"article","og_title":"Razvoj fonografije u Hrvatskoj - Zvuci pro\u0161losti","og_description":"Razvojem fonografije te \u0161irenjem tr\u017ei\u0161ta fonografskih izdanja i Hrvatska je upoznata s najnovijim dostignu\u0107ima tehnike. Ve\u0107 krajem 19. stolje\u0107a zagreba\u010dka publika bila je upoznata s fonografom kao najnovijim dostignu\u0107em u snimanju zvuka. Ipak, povijest hrvatske diskografije zapo\u010dinje po\u010detkom 20. stolje\u0107a. Prve gramofonske plo\u010de na kojima su snimljeni hrvatski izvo\u0111a\u010di te djela hrvatskih skladatelja pojavljuju se [&hellip;]","og_url":"https:\/\/mz.nsk.hr\/zbirka78\/o-fonografiji\/razvoj-fonografije-u-hrvatskoj\/","og_site_name":"Zvuci pro\u0161losti","article_modified_time":"2013-11-06T09:52:21+00:00","og_image":[{"url":"http:\/\/mz.nsk.hr\/zbirka78\/wp-content\/uploads\/2013\/08\/01-152x300.jpg"}],"twitter_misc":{"Procijenjeno vrijeme \u010ditanja":"4 minute"},"schema":{"@context":"https:\/\/schema.org","@graph":[{"@type":"WebSite","@id":"https:\/\/mz.nsk.hr\/zbirka78\/#website","url":"https:\/\/mz.nsk.hr\/zbirka78\/","name":"Zvuci pro\u0161losti","description":"","potentialAction":[{"@type":"SearchAction","target":{"@type":"EntryPoint","urlTemplate":"https:\/\/mz.nsk.hr\/zbirka78\/?s={search_term_string}"},"query-input":"required name=search_term_string"}],"inLanguage":"hr"},{"@type":"ImageObject","@id":"https:\/\/mz.nsk.hr\/zbirka78\/o-fonografiji\/razvoj-fonografije-u-hrvatskoj\/#primaryimage","inLanguage":"hr","url":"http:\/\/mz.nsk.hr\/zbirka78\/wp-content\/uploads\/2013\/08\/01-152x300.jpg","contentUrl":"http:\/\/mz.nsk.hr\/zbirka78\/wp-content\/uploads\/2013\/08\/01-152x300.jpg"},{"@type":"WebPage","@id":"https:\/\/mz.nsk.hr\/zbirka78\/o-fonografiji\/razvoj-fonografije-u-hrvatskoj\/#webpage","url":"https:\/\/mz.nsk.hr\/zbirka78\/o-fonografiji\/razvoj-fonografije-u-hrvatskoj\/","name":"Razvoj fonografije u Hrvatskoj - Zvuci pro\u0161losti","isPartOf":{"@id":"https:\/\/mz.nsk.hr\/zbirka78\/#website"},"primaryImageOfPage":{"@id":"https:\/\/mz.nsk.hr\/zbirka78\/o-fonografiji\/razvoj-fonografije-u-hrvatskoj\/#primaryimage"},"datePublished":"2013-08-12T13:31:54+00:00","dateModified":"2013-11-06T09:52:21+00:00","breadcrumb":{"@id":"https:\/\/mz.nsk.hr\/zbirka78\/o-fonografiji\/razvoj-fonografije-u-hrvatskoj\/#breadcrumb"},"inLanguage":"hr","potentialAction":[{"@type":"ReadAction","target":["https:\/\/mz.nsk.hr\/zbirka78\/o-fonografiji\/razvoj-fonografije-u-hrvatskoj\/"]}]},{"@type":"BreadcrumbList","@id":"https:\/\/mz.nsk.hr\/zbirka78\/o-fonografiji\/razvoj-fonografije-u-hrvatskoj\/#breadcrumb","itemListElement":[{"@type":"ListItem","position":1,"name":"Home","item":"https:\/\/mz.nsk.hr\/zbirka78\/"},{"@type":"ListItem","position":2,"name":"O fonografiji","item":"https:\/\/mz.nsk.hr\/zbirka78\/o-fonografiji\/"},{"@type":"ListItem","position":3,"name":"Razvoj fonografije u Hrvatskoj"}]}]}},"_links":{"self":[{"href":"https:\/\/mz.nsk.hr\/zbirka78\/wp-json\/wp\/v2\/pages\/213"}],"collection":[{"href":"https:\/\/mz.nsk.hr\/zbirka78\/wp-json\/wp\/v2\/pages"}],"about":[{"href":"https:\/\/mz.nsk.hr\/zbirka78\/wp-json\/wp\/v2\/types\/page"}],"author":[{"embeddable":true,"href":"https:\/\/mz.nsk.hr\/zbirka78\/wp-json\/wp\/v2\/users\/4"}],"replies":[{"embeddable":true,"href":"https:\/\/mz.nsk.hr\/zbirka78\/wp-json\/wp\/v2\/comments?post=213"}],"version-history":[{"count":32,"href":"https:\/\/mz.nsk.hr\/zbirka78\/wp-json\/wp\/v2\/pages\/213\/revisions"}],"predecessor-version":[{"id":1198,"href":"https:\/\/mz.nsk.hr\/zbirka78\/wp-json\/wp\/v2\/pages\/213\/revisions\/1198"}],"up":[{"embeddable":true,"href":"https:\/\/mz.nsk.hr\/zbirka78\/wp-json\/wp\/v2\/pages\/209"}],"wp:attachment":[{"href":"https:\/\/mz.nsk.hr\/zbirka78\/wp-json\/wp\/v2\/media?parent=213"}],"curies":[{"name":"wp","href":"https:\/\/api.w.org\/{rel}","templated":true}]}}