{"id":760,"date":"2013-09-26T10:56:35","date_gmt":"2013-09-26T10:56:35","guid":{"rendered":"http:\/\/mz.nsk.hr\/zbirka78\/?page_id=760"},"modified":"2013-10-10T13:16:12","modified_gmt":"2013-10-10T13:16:12","slug":"albumi","status":"publish","type":"page","link":"https:\/\/mz.nsk.hr\/zbirka78\/albumi-i-katalozi\/albumi\/","title":{"rendered":"Albumi"},"content":{"rendered":"<p><a href=\"https:\/\/mz.nsk.hr\/zbirka78\/wp-content\/pf\/katalog-ivo-tijardovic\/\"><img loading=\"lazy\" src=\"https:\/\/mz.nsk.hr\/zbirka78\/wp-content\/uploads\/2013\/09\/01-300x259.jpg\" alt=\"01\" width=\"300\" height=\"259\" class=\"aligncenter size-medium wp-image-803\" srcset=\"https:\/\/mz.nsk.hr\/zbirka78\/wp-content\/uploads\/2013\/09\/01-300x259.jpg 300w, https:\/\/mz.nsk.hr\/zbirka78\/wp-content\/uploads\/2013\/09\/01.jpg 600w\" sizes=\"(max-width: 300px) 100vw, 300px\" \/><\/a><\/p>\n<div class=\"o-albumu\">\nNaslov: Mala Floramye : opereta u 3 \u010dina<br \/>\nAutor: Tijardovi\u0107, Ivo<br \/>\nIzvo\u0111a\u010d: Lubejeva, Marica<br \/>\nIzvo\u0111a\u010d: Dubaji\u0107, Margita<br \/>\nIzvo\u0111a\u010d: Dubaji\u0107, Dejan<br \/>\nIzvo\u0111a\u010d: \u0160epec, Milan<br \/>\nDatum objavljivanja: 1931.<br \/>\nOpseg: 8 \u0161elak gramofonskih plo\u010da, 78 o\/m<br \/>\nFormat: jpg<br \/>\nIzvor: NSK Zbirka muzikalija i audiomaterijala<br \/>\nPrava: Slobodan pristup ; Sva prava pridr\u017eana\n<\/div>\n","protected":false},"excerpt":{"rendered":"<p>Naslov: Mala Floramye : opereta u 3 \u010dina Autor: Tijardovi\u0107, Ivo Izvo\u0111a\u010d: Lubejeva, Marica Izvo\u0111a\u010d: Dubaji\u0107, Margita Izvo\u0111a\u010d: Dubaji\u0107, Dejan Izvo\u0111a\u010d: \u0160epec, Milan Datum objavljivanja: 1931. Opseg: 8 \u0161elak gramofonskih plo\u010da, 78 o\/m Format: jpg Izvor: NSK Zbirka muzikalija i audiomaterijala Prava: Slobodan pristup ; Sva prava pridr\u017eana<\/p>\n","protected":false},"author":4,"featured_media":0,"parent":23,"menu_order":0,"comment_status":"open","ping_status":"open","template":"","meta":{"ngg_post_thumbnail":0},"yoast_head":"<!-- This site is optimized with the Yoast SEO plugin v17.8 - https:\/\/yoast.com\/wordpress\/plugins\/seo\/ -->\n<meta name=\"robots\" content=\"index, follow, max-snippet:-1, max-image-preview:large, max-video-preview:-1\" \/>\n<link rel=\"canonical\" href=\"https:\/\/mz.nsk.hr\/zbirka78\/albumi-i-katalozi\/albumi\/\" \/>\n<meta property=\"og:locale\" content=\"hr_HR\" \/>\n<meta property=\"og:type\" content=\"article\" \/>\n<meta property=\"og:title\" content=\"Albumi - Zvuci pro\u0161losti\" \/>\n<meta property=\"og:description\" content=\"Naslov: Mala Floramye : opereta u 3 \u010dina Autor: Tijardovi\u0107, Ivo Izvo\u0111a\u010d: Lubejeva, Marica Izvo\u0111a\u010d: Dubaji\u0107, Margita Izvo\u0111a\u010d: Dubaji\u0107, Dejan Izvo\u0111a\u010d: \u0160epec, Milan Datum objavljivanja: 1931. Opseg: 8 \u0161elak gramofonskih plo\u010da, 78 o\/m Format: jpg Izvor: NSK Zbirka muzikalija i audiomaterijala Prava: Slobodan pristup ; Sva prava pridr\u017eana\" \/>\n<meta property=\"og:url\" content=\"https:\/\/mz.nsk.hr\/zbirka78\/albumi-i-katalozi\/albumi\/\" \/>\n<meta property=\"og:site_name\" content=\"Zvuci pro\u0161losti\" \/>\n<meta property=\"article:modified_time\" content=\"2013-10-10T13:16:12+00:00\" \/>\n<meta property=\"og:image\" content=\"http:\/\/mz.nsk.hr\/zbirka78\/wp-content\/uploads\/2013\/09\/01-300x259.jpg\" \/>\n<script type=\"application\/ld+json\" class=\"yoast-schema-graph\">{\"@context\":\"https:\/\/schema.org\",\"@graph\":[{\"@type\":\"WebSite\",\"@id\":\"https:\/\/mz.nsk.hr\/zbirka78\/#website\",\"url\":\"https:\/\/mz.nsk.hr\/zbirka78\/\",\"name\":\"Zvuci pro\\u0161losti\",\"description\":\"\",\"potentialAction\":[{\"@type\":\"SearchAction\",\"target\":{\"@type\":\"EntryPoint\",\"urlTemplate\":\"https:\/\/mz.nsk.hr\/zbirka78\/?s={search_term_string}\"},\"query-input\":\"required name=search_term_string\"}],\"inLanguage\":\"hr\"},{\"@type\":\"ImageObject\",\"@id\":\"https:\/\/mz.nsk.hr\/zbirka78\/albumi-i-katalozi\/albumi\/#primaryimage\",\"inLanguage\":\"hr\",\"url\":\"http:\/\/mz.nsk.hr\/zbirka78\/wp-content\/uploads\/2013\/09\/01-300x259.jpg\",\"contentUrl\":\"http:\/\/mz.nsk.hr\/zbirka78\/wp-content\/uploads\/2013\/09\/01-300x259.jpg\"},{\"@type\":\"WebPage\",\"@id\":\"https:\/\/mz.nsk.hr\/zbirka78\/albumi-i-katalozi\/albumi\/#webpage\",\"url\":\"https:\/\/mz.nsk.hr\/zbirka78\/albumi-i-katalozi\/albumi\/\",\"name\":\"Albumi - Zvuci pro\\u0161losti\",\"isPartOf\":{\"@id\":\"https:\/\/mz.nsk.hr\/zbirka78\/#website\"},\"primaryImageOfPage\":{\"@id\":\"https:\/\/mz.nsk.hr\/zbirka78\/albumi-i-katalozi\/albumi\/#primaryimage\"},\"datePublished\":\"2013-09-26T10:56:35+00:00\",\"dateModified\":\"2013-10-10T13:16:12+00:00\",\"breadcrumb\":{\"@id\":\"https:\/\/mz.nsk.hr\/zbirka78\/albumi-i-katalozi\/albumi\/#breadcrumb\"},\"inLanguage\":\"hr\",\"potentialAction\":[{\"@type\":\"ReadAction\",\"target\":[\"https:\/\/mz.nsk.hr\/zbirka78\/albumi-i-katalozi\/albumi\/\"]}]},{\"@type\":\"BreadcrumbList\",\"@id\":\"https:\/\/mz.nsk.hr\/zbirka78\/albumi-i-katalozi\/albumi\/#breadcrumb\",\"itemListElement\":[{\"@type\":\"ListItem\",\"position\":1,\"name\":\"Home\",\"item\":\"https:\/\/mz.nsk.hr\/zbirka78\/\"},{\"@type\":\"ListItem\",\"position\":2,\"name\":\"Galerija\",\"item\":\"https:\/\/mz.nsk.hr\/zbirka78\/albumi-i-katalozi\/\"},{\"@type\":\"ListItem\",\"position\":3,\"name\":\"Albumi\"}]}]}<\/script>\n<!-- \/ Yoast SEO plugin. -->","yoast_head_json":{"robots":{"index":"index","follow":"follow","max-snippet":"max-snippet:-1","max-image-preview":"max-image-preview:large","max-video-preview":"max-video-preview:-1"},"canonical":"https:\/\/mz.nsk.hr\/zbirka78\/albumi-i-katalozi\/albumi\/","og_locale":"hr_HR","og_type":"article","og_title":"Albumi - Zvuci pro\u0161losti","og_description":"Naslov: Mala Floramye : opereta u 3 \u010dina Autor: Tijardovi\u0107, Ivo Izvo\u0111a\u010d: Lubejeva, Marica Izvo\u0111a\u010d: Dubaji\u0107, Margita Izvo\u0111a\u010d: Dubaji\u0107, Dejan Izvo\u0111a\u010d: \u0160epec, Milan Datum objavljivanja: 1931. Opseg: 8 \u0161elak gramofonskih plo\u010da, 78 o\/m Format: jpg Izvor: NSK Zbirka muzikalija i audiomaterijala Prava: Slobodan pristup ; Sva prava pridr\u017eana","og_url":"https:\/\/mz.nsk.hr\/zbirka78\/albumi-i-katalozi\/albumi\/","og_site_name":"Zvuci pro\u0161losti","article_modified_time":"2013-10-10T13:16:12+00:00","og_image":[{"url":"http:\/\/mz.nsk.hr\/zbirka78\/wp-content\/uploads\/2013\/09\/01-300x259.jpg"}],"schema":{"@context":"https:\/\/schema.org","@graph":[{"@type":"WebSite","@id":"https:\/\/mz.nsk.hr\/zbirka78\/#website","url":"https:\/\/mz.nsk.hr\/zbirka78\/","name":"Zvuci pro\u0161losti","description":"","potentialAction":[{"@type":"SearchAction","target":{"@type":"EntryPoint","urlTemplate":"https:\/\/mz.nsk.hr\/zbirka78\/?s={search_term_string}"},"query-input":"required name=search_term_string"}],"inLanguage":"hr"},{"@type":"ImageObject","@id":"https:\/\/mz.nsk.hr\/zbirka78\/albumi-i-katalozi\/albumi\/#primaryimage","inLanguage":"hr","url":"http:\/\/mz.nsk.hr\/zbirka78\/wp-content\/uploads\/2013\/09\/01-300x259.jpg","contentUrl":"http:\/\/mz.nsk.hr\/zbirka78\/wp-content\/uploads\/2013\/09\/01-300x259.jpg"},{"@type":"WebPage","@id":"https:\/\/mz.nsk.hr\/zbirka78\/albumi-i-katalozi\/albumi\/#webpage","url":"https:\/\/mz.nsk.hr\/zbirka78\/albumi-i-katalozi\/albumi\/","name":"Albumi - Zvuci pro\u0161losti","isPartOf":{"@id":"https:\/\/mz.nsk.hr\/zbirka78\/#website"},"primaryImageOfPage":{"@id":"https:\/\/mz.nsk.hr\/zbirka78\/albumi-i-katalozi\/albumi\/#primaryimage"},"datePublished":"2013-09-26T10:56:35+00:00","dateModified":"2013-10-10T13:16:12+00:00","breadcrumb":{"@id":"https:\/\/mz.nsk.hr\/zbirka78\/albumi-i-katalozi\/albumi\/#breadcrumb"},"inLanguage":"hr","potentialAction":[{"@type":"ReadAction","target":["https:\/\/mz.nsk.hr\/zbirka78\/albumi-i-katalozi\/albumi\/"]}]},{"@type":"BreadcrumbList","@id":"https:\/\/mz.nsk.hr\/zbirka78\/albumi-i-katalozi\/albumi\/#breadcrumb","itemListElement":[{"@type":"ListItem","position":1,"name":"Home","item":"https:\/\/mz.nsk.hr\/zbirka78\/"},{"@type":"ListItem","position":2,"name":"Galerija","item":"https:\/\/mz.nsk.hr\/zbirka78\/albumi-i-katalozi\/"},{"@type":"ListItem","position":3,"name":"Albumi"}]}]}},"_links":{"self":[{"href":"https:\/\/mz.nsk.hr\/zbirka78\/wp-json\/wp\/v2\/pages\/760"}],"collection":[{"href":"https:\/\/mz.nsk.hr\/zbirka78\/wp-json\/wp\/v2\/pages"}],"about":[{"href":"https:\/\/mz.nsk.hr\/zbirka78\/wp-json\/wp\/v2\/types\/page"}],"author":[{"embeddable":true,"href":"https:\/\/mz.nsk.hr\/zbirka78\/wp-json\/wp\/v2\/users\/4"}],"replies":[{"embeddable":true,"href":"https:\/\/mz.nsk.hr\/zbirka78\/wp-json\/wp\/v2\/comments?post=760"}],"version-history":[{"count":10,"href":"https:\/\/mz.nsk.hr\/zbirka78\/wp-json\/wp\/v2\/pages\/760\/revisions"}],"predecessor-version":[{"id":971,"href":"https:\/\/mz.nsk.hr\/zbirka78\/wp-json\/wp\/v2\/pages\/760\/revisions\/971"}],"up":[{"embeddable":true,"href":"https:\/\/mz.nsk.hr\/zbirka78\/wp-json\/wp\/v2\/pages\/23"}],"wp:attachment":[{"href":"https:\/\/mz.nsk.hr\/zbirka78\/wp-json\/wp\/v2\/media?parent=760"}],"curies":[{"name":"wp","href":"https:\/\/api.w.org\/{rel}","templated":true}]}}